{"id":315,"date":"2014-11-16T11:27:12","date_gmt":"2014-11-16T10:27:12","guid":{"rendered":"https:\/\/www.brillen-mitte.berlin\/?page_id=315"},"modified":"2025-03-17T15:19:53","modified_gmt":"2025-03-17T14:19:53","slug":"imprint","status":"publish","type":"page","link":"https:\/\/www.brillen-mitte.berlin\/friedrichstrasse-en\/imprint\/","title":{"rendered":"Imprint"},"content":{"rendered":"<p><strong>Brillen in Mitte \u2013 ein Betrieb der OUNDA GmbH<\/strong><\/p>\n<p><strong>Anschrift des Betriebes:<\/strong><br \/>\nFriedrichstra\u00dfe 133<br \/>\n10117 Berlin<\/p>\n<p><strong>Telefon:<\/strong> +49 (0) 30 27 90 89 91<br \/>\n<strong>Fax:<\/strong> +49 (0) 30 27 90 89 92<br \/>\n<strong>E-Mail:<\/strong> mail@brillen-mitte.berlin<\/p>\n<p><strong>Gesch\u00e4ftsf\u00fchrer:<\/strong><br \/>\nTimo Beyer, Dirk Stader<\/p>\n<p><strong>Handelsregister:<\/strong><br \/>\nAmtsgericht M\u00fcnster HR B 18350<\/p>\n<p><strong>Umsatzsteueridentifikationsnummer:<\/strong><br \/>\nDE 328 541 895<\/p>\n<p><strong>Firmensitz:<\/strong><br \/>\nOUNDA GmbH<br \/>\nEssexweg 34<br \/>\n48167 M\u00fcnster<\/p>\n<p><strong>Die OUNDA GmbH ist haftpflichtversichert \u00fcber:\u00a0<\/strong><br \/>\nBaloise Sachversicherung AG Deutschland<br \/>\nBasler Stra\u00dfe 4<br \/>\n61352 Bad Homburg v.d.H.<br \/>\nTelefon: +49 (0) 6172 125 4600<br \/>\nTelefax: +49 (0) 6172 125 4056<br \/>\nInternet: www.baloise.de<br \/>\nE-Mail: info@baloise.de<\/p>\n<p><strong>Urheberrechtlicher Hinweis:<\/strong><br \/>\nInhalte und Struktur (einschlie\u00dflich Texten, Textteilen, Bildern, Grafiken, des Designs und sonstigen Inhalten) unterliegen dem Schutz des Urheberrechts und anderer Schutzgesetze, soweit nicht abweichend vermerkt. Eine Nutzung des Materials ist nach vorheriger Absprache m\u00f6glich.<\/p>\n<p>Die Vervielf\u00e4ltigung, Weitergabe, Wiederverwendung, \u00dcbertragung, Speicherung, Ver\u00e4nderung oder sonstige Nutzung der Inhalte zu gewerblichen oder \u00f6ffentlichen Zwecken ist nur mit schriftlicher Zustimmung durch die OUNDA GmbH m\u00f6glich.<\/p>\n<p><strong>Verantwortliche Personen f\u00fcr den Inhalt nach \u00a7 18 MStV:<\/strong><br \/>\nTimo Beyer, Dirk Stader<\/p>\n<p><strong>Information zur Verbraucherschlichtung:<\/strong><br \/>\nDie Europ\u00e4ische Kommission stellt unter https:\/\/ec.europa.eu\/consumers\/odr\/ eine Plattform zur Online-Streitbeilegung bereit, die Verbraucher f\u00fcr die Beilegung einer Streitigkeit nutzen k\u00f6nnen und auf der weitere Informationen zum Thema Streitschlichtung zu finden sind.<br \/>\nDie OUNDA GmbH nimmt an einem Streitbeilegungsverfahren vor einer Verbraucherschlichtungsstelle nicht teil. Wir sind immer bem\u00fcht, Meinungsverschiedenheiten einvernehmlich beizulegen. Unseren Kundenservice erreichen Sie unter <a href=\"mailto:info@ounda.de\" target=\"_blank\" rel=\"noopener\">info@ounda.de<\/a>.<\/p>\n<p><strong>Haftungsausschluss:<br \/>\n<\/strong>Wir \u00fcbernehmen keine Garantie f\u00fcr Richtigkeit, Vollst\u00e4ndigkeit und Aktualit\u00e4t der von uns ver\u00f6ffentlichten Angaben. S\u00e4mtliche Angaben dienen allein der unverbindlichen allgemeinen Information.\u00a0Wir behalten uns das Recht vor, die von uns ver\u00f6ffentlichten Angaben nach eigenem Ermessen jederzeit und ohne vorherige Ank\u00fcndigung ganz oder teilweise zu l\u00f6schen, abzu\u00e4ndern oder zu erg\u00e4nzen. Etwaige zuvor entstandene Vertr\u00e4ge oder gegen uns nach den gesetzlichen Regelungen gerichteten Anspr\u00fcche bleiben von derartigen \u00c4nderungen der Angaben unber\u00fchrt.<\/p>\n<p>Alle Rechte vorbehalten.<\/p>\n<p>\u00a9 OUNDA GmbH<\/p>\n<div class=\"clear line\"><\/div>\n<p>Gestaltung:<br \/>\n<a href=\"http:\/\/www.doppelpunkt.com\" target=\"_blank\" rel=\"noopener noreferrer\">doppelpunkt Kommunikationsdesign<\/a><\/p>\n<p>Fotos:<br \/>\n<a href=\"http:\/\/www.thomasbruns.com\" target=\"_blank\" rel=\"noopener noreferrer\">Thomas Bruns<\/a><\/p>\n<p>Teamfoto:<br \/>\nErstellt von Andreas Walter und Mitarbeiter<\/p>\n<p>Text:<br \/>\n<a href=\"http:\/\/www.zeitwerk21.de\" target=\"_blank\" rel=\"noopener noreferrer\">Nora Schmitt-Sausen, ZEITWERK 21<\/a><\/p>\n<p>Template-Programmierung:<br \/>\n<a href=\"http:\/\/www.goyippi.net\" target=\"_blank\" rel=\"noopener noreferrer\">Christian Roth, goYippi design<\/a><\/p>\n<p>Suchmaschinenoptimierung SEO:<br \/>\nMatthias Hatzak, <a href=\"https:\/\/hatzak.de\" target=\"_blank\" rel=\"noopener noreferrer\">Onlinemarketingagentur hatzak<\/a><\/p>\n","protected":false},"excerpt":{"rendered":"<p>Brillen in Mitte \u2013 ein Betrieb der OUNDA GmbH Anschrift des Betriebes: Friedrichstra\u00dfe 133 10117 Berlin Telefon: +49 (0) 30 27 90 89 91 Fax: +49 (0) 30 27 90&#8230;<\/p>\n","protected":false},"author":1,"featured_media":0,"parent":0,"menu_order":900,"comment_status":"closed","ping_status":"closed","template":"","meta":{"_acf_changed":false,"footnotes":""},"class_list":["post-315","page","type-page","status-publish","hentry","boxed-1024"],"acf":[],"yoast_head":"<!-- This site is optimized with the Yoast SEO plugin v27.3 - https:\/\/yoast.com\/product\/yoast-seo-wordpress\/ -->\n<title>Imprint - Brillen in Mitte \u2013 EN Friedrichstra\u00dfe<\/title>\n<meta name=\"robots\" content=\"index, follow, max-snippet:-1, max-image-preview:large, max-video-preview:-1\" \/>\n<link rel=\"canonical\" href=\"https:\/\/www.brillen-mitte.berlin\/friedrichstrasse-en\/imprint\/\" \/>\n<meta property=\"og:locale\" content=\"en_US\" \/>\n<meta property=\"og:type\" content=\"article\" \/>\n<meta property=\"og:title\" content=\"Imprint - Brillen in Mitte \u2013 EN Friedrichstra\u00dfe\" \/>\n<meta property=\"og:description\" content=\"Brillen in Mitte \u2013 ein Betrieb der OUNDA GmbH Anschrift des Betriebes: Friedrichstra\u00dfe 133 10117 Berlin Telefon: +49 (0) 30 27 90 89 91 Fax: +49 (0) 30 27 90...\" \/>\n<meta property=\"og:url\" content=\"https:\/\/www.brillen-mitte.berlin\/friedrichstrasse-en\/imprint\/\" \/>\n<meta property=\"og:site_name\" content=\"Brillen in Mitte \u2013 EN Friedrichstra\u00dfe\" \/>\n<meta property=\"article:modified_time\" content=\"2025-03-17T14:19:53+00:00\" \/>\n<meta name=\"twitter:card\" content=\"summary_large_image\" \/>\n<meta name=\"twitter:label1\" content=\"Est. reading time\" \/>\n\t<meta name=\"twitter:data1\" content=\"2 minutes\" \/>\n<script type=\"application\/ld+json\" class=\"yoast-schema-graph\">{\"@context\":\"https:\\\/\\\/schema.org\",\"@graph\":[{\"@type\":\"WebPage\",\"@id\":\"https:\\\/\\\/www.brillen-mitte.berlin\\\/friedrichstrasse-en\\\/imprint\\\/\",\"url\":\"https:\\\/\\\/www.brillen-mitte.berlin\\\/friedrichstrasse-en\\\/imprint\\\/\",\"name\":\"Imprint - Brillen in Mitte \u2013 EN Friedrichstra\u00dfe\",\"isPartOf\":{\"@id\":\"https:\\\/\\\/www.brillen-mitte.berlin\\\/friedrichstrasse-en\\\/#website\"},\"datePublished\":\"2014-11-16T10:27:12+00:00\",\"dateModified\":\"2025-03-17T14:19:53+00:00\",\"breadcrumb\":{\"@id\":\"https:\\\/\\\/www.brillen-mitte.berlin\\\/friedrichstrasse-en\\\/imprint\\\/#breadcrumb\"},\"inLanguage\":\"en-US\",\"potentialAction\":[{\"@type\":\"ReadAction\",\"target\":[\"https:\\\/\\\/www.brillen-mitte.berlin\\\/friedrichstrasse-en\\\/imprint\\\/\"]}]},{\"@type\":\"BreadcrumbList\",\"@id\":\"https:\\\/\\\/www.brillen-mitte.berlin\\\/friedrichstrasse-en\\\/imprint\\\/#breadcrumb\",\"itemListElement\":[{\"@type\":\"ListItem\",\"position\":1,\"name\":\"Startseite\",\"item\":\"https:\\\/\\\/www.brillen-mitte.berlin\\\/friedrichstrasse-en\\\/\"},{\"@type\":\"ListItem\",\"position\":2,\"name\":\"Imprint\"}]},{\"@type\":\"WebSite\",\"@id\":\"https:\\\/\\\/www.brillen-mitte.berlin\\\/friedrichstrasse-en\\\/#website\",\"url\":\"https:\\\/\\\/www.brillen-mitte.berlin\\\/friedrichstrasse-en\\\/\",\"name\":\"Brillen in Mitte \u2013 EN Friedrichstra\u00dfe\",\"description\":\"Augenoptik in Berlin-Mitte\",\"potentialAction\":[{\"@type\":\"SearchAction\",\"target\":{\"@type\":\"EntryPoint\",\"urlTemplate\":\"https:\\\/\\\/www.brillen-mitte.berlin\\\/friedrichstrasse-en\\\/?s={search_term_string}\"},\"query-input\":{\"@type\":\"PropertyValueSpecification\",\"valueRequired\":true,\"valueName\":\"search_term_string\"}}],\"inLanguage\":\"en-US\"}]}<\/script>\n<!-- \/ Yoast SEO plugin. -->","yoast_head_json":{"title":"Imprint - Brillen in Mitte \u2013 EN Friedrichstra\u00dfe","robots":{"index":"index","follow":"follow","max-snippet":"max-snippet:-1","max-image-preview":"max-image-preview:large","max-video-preview":"max-video-preview:-1"},"canonical":"https:\/\/www.brillen-mitte.berlin\/friedrichstrasse-en\/imprint\/","og_locale":"en_US","og_type":"article","og_title":"Imprint - Brillen in Mitte \u2013 EN Friedrichstra\u00dfe","og_description":"Brillen in Mitte \u2013 ein Betrieb der OUNDA GmbH Anschrift des Betriebes: Friedrichstra\u00dfe 133 10117 Berlin Telefon: +49 (0) 30 27 90 89 91 Fax: +49 (0) 30 27 90...","og_url":"https:\/\/www.brillen-mitte.berlin\/friedrichstrasse-en\/imprint\/","og_site_name":"Brillen in Mitte \u2013 EN Friedrichstra\u00dfe","article_modified_time":"2025-03-17T14:19:53+00:00","twitter_card":"summary_large_image","twitter_misc":{"Est. reading time":"2 minutes"},"schema":{"@context":"https:\/\/schema.org","@graph":[{"@type":"WebPage","@id":"https:\/\/www.brillen-mitte.berlin\/friedrichstrasse-en\/imprint\/","url":"https:\/\/www.brillen-mitte.berlin\/friedrichstrasse-en\/imprint\/","name":"Imprint - Brillen in Mitte \u2013 EN Friedrichstra\u00dfe","isPartOf":{"@id":"https:\/\/www.brillen-mitte.berlin\/friedrichstrasse-en\/#website"},"datePublished":"2014-11-16T10:27:12+00:00","dateModified":"2025-03-17T14:19:53+00:00","breadcrumb":{"@id":"https:\/\/www.brillen-mitte.berlin\/friedrichstrasse-en\/imprint\/#breadcrumb"},"inLanguage":"en-US","potentialAction":[{"@type":"ReadAction","target":["https:\/\/www.brillen-mitte.berlin\/friedrichstrasse-en\/imprint\/"]}]},{"@type":"BreadcrumbList","@id":"https:\/\/www.brillen-mitte.berlin\/friedrichstrasse-en\/imprint\/#breadcrumb","itemListElement":[{"@type":"ListItem","position":1,"name":"Startseite","item":"https:\/\/www.brillen-mitte.berlin\/friedrichstrasse-en\/"},{"@type":"ListItem","position":2,"name":"Imprint"}]},{"@type":"WebSite","@id":"https:\/\/www.brillen-mitte.berlin\/friedrichstrasse-en\/#website","url":"https:\/\/www.brillen-mitte.berlin\/friedrichstrasse-en\/","name":"Brillen in Mitte \u2013 EN Friedrichstra\u00dfe","description":"Augenoptik in Berlin-Mitte","potentialAction":[{"@type":"SearchAction","target":{"@type":"EntryPoint","urlTemplate":"https:\/\/www.brillen-mitte.berlin\/friedrichstrasse-en\/?s={search_term_string}"},"query-input":{"@type":"PropertyValueSpecification","valueRequired":true,"valueName":"search_term_string"}}],"inLanguage":"en-US"}]}},"_links":{"self":[{"href":"https:\/\/www.brillen-mitte.berlin\/friedrichstrasse-en\/wp-json\/wp\/v2\/pages\/315","targetHints":{"allow":["GET"]}}],"collection":[{"href":"https:\/\/www.brillen-mitte.berlin\/friedrichstrasse-en\/wp-json\/wp\/v2\/pages"}],"about":[{"href":"https:\/\/www.brillen-mitte.berlin\/friedrichstrasse-en\/wp-json\/wp\/v2\/types\/page"}],"author":[{"embeddable":true,"href":"https:\/\/www.brillen-mitte.berlin\/friedrichstrasse-en\/wp-json\/wp\/v2\/users\/1"}],"replies":[{"embeddable":true,"href":"https:\/\/www.brillen-mitte.berlin\/friedrichstrasse-en\/wp-json\/wp\/v2\/comments?post=315"}],"version-history":[{"count":16,"href":"https:\/\/www.brillen-mitte.berlin\/friedrichstrasse-en\/wp-json\/wp\/v2\/pages\/315\/revisions"}],"predecessor-version":[{"id":1311,"href":"https:\/\/www.brillen-mitte.berlin\/friedrichstrasse-en\/wp-json\/wp\/v2\/pages\/315\/revisions\/1311"}],"wp:attachment":[{"href":"https:\/\/www.brillen-mitte.berlin\/friedrichstrasse-en\/wp-json\/wp\/v2\/media?parent=315"}],"curies":[{"name":"wp","href":"https:\/\/api.w.org\/{rel}","templated":true}]}}